{"id":2656,"date":"2021-03-31T12:33:49","date_gmt":"2021-03-31T10:33:49","guid":{"rendered":"https:\/\/www.medina.be\/?page_id=2656"},"modified":"2021-07-15T10:19:25","modified_gmt":"2021-07-15T08:19:25","slug":"mynews","status":"publish","type":"page","link":"https:\/\/www.medina.be\/fr\/medecin\/mylab-prise-en-charge\/mynews\/","title":{"rendered":"MyNews"},"content":{"rendered":"<div class=\"wpb-content-wrapper\"><p>[vc_row full_width=&#8221;stretch_row&#8221; css=&#8221;.vc_custom_1626337146916{padding-top: 10% !important;padding-bottom: 10% !important;background-image: url(https:\/\/www.medina.be\/wp-content\/uploads\/2021\/07\/Medina-MyLab.jpg?id=20931) !important;background-position: center !important;background-repeat: no-repeat !important;background-size: cover !important;}&#8221; el_class=&#8221;header-bg&#8221;][vc_column][\/vc_column][\/vc_row][vc_row][vc_column width=&#8221;1\/4&#8243; css=&#8221;.vc_custom_1613485674609{padding-top: 20px !important;}&#8221;][\/vc_column][vc_column width=&#8221;3\/4&#8243; css=&#8221;.vc_custom_1613485670954{padding-top: 20px !important;}&#8221;][vc_column_text css=&#8221;.vc_custom_1613487487375{margin-bottom: 20px !important;}&#8221;][show-breadcrumbs][\/vc_column_text][\/vc_column][\/vc_row][vc_row css=&#8221;.vc_custom_1614162013820{margin-bottom: 35px !important;padding-bottom: 4% !important;}&#8221;][vc_column width=&#8221;1\/4&#8243; css=&#8221;.vc_custom_1613052450674{padding-right: 6% !important;}&#8221;][vc_widget_sidebar sidebar_id=&#8221;sidebar-artsen&#8221;][\/vc_column][vc_column width=&#8221;3\/4&#8243;][vc_row_inner css=&#8221;.vc_custom_1613054576443{margin-bottom: 0px !important;}&#8221;][vc_column_inner][vc_custom_heading text=&#8221;Nous vous tiendrons inform\u00e9s.&#8221; use_theme_fonts=&#8221;yes&#8221; css=&#8221;.vc_custom_1617186860675{padding-bottom: 2% !important;}&#8221;][vc_column_text el_class=&#8221;list-plus&#8221;]Il n&#8217;y a pas de progr\u00e8s scientifique sans publications ni conf\u00e9rences. Le laboratoire vous informe r\u00e9guli\u00e8rement des \u00e9volutions du laboratoire et des d\u00e9veloppements scientifiquement pertinents dans le domaine de la biologie clinique:<\/p>\n<ul>\n<li>La pathophysiologie des processus pathologiques<\/li>\n<li>Progr\u00e8s techniques dans les analyses<\/li>\n<li>Diagnostic et traitement<\/li>\n<li>D\u00e9pistage et pr\u00e9vention<\/li>\n<li>Pr\u00e9-analyse<\/li>\n<\/ul>\n<p>En outre, nos biologistes cliniques publient p\u00e9riodiquement des bulletins d&#8217;information et nous vous tenons au courant des derniers d\u00e9veloppements dans notre laboratoire.<\/p>\n<p>Gr\u00e2ce \u00e0 MyNews, vous \u00eates toujours bien inform\u00e9.[\/vc_column_text][\/vc_column_inner][vc_column_inner][\/vc_column_inner][\/vc_row_inner][vc_row_inner css=&#8221;.vc_custom_1613054576443{margin-bottom: 0px !important;}&#8221;][vc_column_inner][\/vc_column_inner][\/vc_row_inner][\/vc_column][\/vc_row]<\/p>\n<\/div>","protected":false},"excerpt":{"rendered":"<p>[vc_row full_width=&#8221;stretch_row&#8221; css=&#8221;.vc_custom_1626337146916{padding-top: 10% !important;padding-bottom: 10% !important;background-image: url(https:\/\/www.medina.be\/wp-content\/uploads\/2021\/07\/Medina-MyLab.jpg?id=20931) !important;background-position: center !important;background-repeat: no-repeat !important;background-size: cover !important;}&#8221; el_class=&#8221;header-bg&#8221;][vc_column][\/vc_column][\/vc_row][vc_row][vc_column width=&#8221;1\/4&#8243; css=&#8221;.vc_custom_1613485674609{padding-top: 20px !important;}&#8221;][\/vc_column][vc_column width=&#8221;3\/4&#8243; css=&#8221;.vc_custom_1613485670954{padding-top: 20px !important;}&#8221;][vc_column_text css=&#8221;.vc_custom_1613487487375{margin-bottom: 20px<span class=\"excerpt-hellip\"> [\u2026]<\/span><\/p>\n","protected":false},"author":1,"featured_media":0,"parent":2715,"menu_order":23,"comment_status":"closed","ping_status":"closed","template":"","meta":{"_acf_changed":false,"footnotes":""},"class_list":["post-2656","page","type-page","status-publish","hentry"],"acf":[],"yoast_head":"<!-- This site is optimized with the Yoast SEO plugin v26.7 - https:\/\/yoast.com\/wordpress\/plugins\/seo\/ -->\n<title>MyNews - Medina<\/title>\n<meta name=\"description\" content=\"Het labo informeert u regelmatig over evoluties in het labo en wetenschappelijk relevante ontwikkelingen op gebied van de klinische biologie:\" \/>\n<meta name=\"robots\" content=\"index, follow, max-snippet:-1, max-image-preview:large, max-video-preview:-1\" \/>\n<link rel=\"canonical\" href=\"https:\/\/www.medina.be\/fr\/medecin\/mylab-prise-en-charge\/mynews\/\" \/>\n<meta property=\"og:locale\" content=\"fr_FR\" \/>\n<meta property=\"og:type\" content=\"article\" \/>\n<meta property=\"og:title\" content=\"MyNews - Medina\" \/>\n<meta property=\"og:description\" content=\"Het labo informeert u regelmatig over evoluties in het labo en wetenschappelijk relevante ontwikkelingen op gebied van de klinische biologie:\" \/>\n<meta property=\"og:url\" content=\"https:\/\/www.medina.be\/fr\/medecin\/mylab-prise-en-charge\/mynews\/\" \/>\n<meta property=\"og:site_name\" content=\"Medina\" \/>\n<meta property=\"article:publisher\" content=\"https:\/\/www.facebook.com\/medinacma\/\" \/>\n<meta property=\"article:modified_time\" content=\"2021-07-15T08:19:25+00:00\" \/>\n<meta name=\"twitter:card\" content=\"summary_large_image\" \/>\n<script type=\"application\/ld+json\" class=\"yoast-schema-graph\">{\"@context\":\"https:\/\/schema.org\",\"@graph\":[{\"@type\":\"WebPage\",\"@id\":\"https:\/\/www.medina.be\/fr\/medecin\/mylab-prise-en-charge\/mynews\/\",\"url\":\"https:\/\/www.medina.be\/fr\/medecin\/mylab-prise-en-charge\/mynews\/\",\"name\":\"MyNews - Medina\",\"isPartOf\":{\"@id\":\"https:\/\/www.medina.be\/nl\/#website\"},\"datePublished\":\"2021-03-31T10:33:49+00:00\",\"dateModified\":\"2021-07-15T08:19:25+00:00\",\"description\":\"Het labo informeert u regelmatig over evoluties in het labo en wetenschappelijk relevante ontwikkelingen op gebied van de klinische biologie:\",\"breadcrumb\":{\"@id\":\"https:\/\/www.medina.be\/fr\/medecin\/mylab-prise-en-charge\/mynews\/#breadcrumb\"},\"inLanguage\":\"fr-FR\",\"potentialAction\":[{\"@type\":\"ReadAction\",\"target\":[\"https:\/\/www.medina.be\/fr\/medecin\/mylab-prise-en-charge\/mynews\/\"]}]},{\"@type\":\"BreadcrumbList\",\"@id\":\"https:\/\/www.medina.be\/fr\/medecin\/mylab-prise-en-charge\/mynews\/#breadcrumb\",\"itemListElement\":[{\"@type\":\"ListItem\",\"position\":1,\"name\":\"HOME\",\"item\":\"https:\/\/www.medina.be\/fr\/\"},{\"@type\":\"ListItem\",\"position\":2,\"name\":\"M\u00e9decin\",\"item\":\"https:\/\/www.medina.be\/fr\/medecin\/\"},{\"@type\":\"ListItem\",\"position\":3,\"name\":\"Mylab prise en charge\",\"item\":\"https:\/\/www.medina.be\/fr\/medecin\/mylab-prise-en-charge\/\"},{\"@type\":\"ListItem\",\"position\":4,\"name\":\"MyNews\"}]},{\"@type\":\"WebSite\",\"@id\":\"https:\/\/www.medina.be\/nl\/#website\",\"url\":\"https:\/\/www.medina.be\/nl\/\",\"name\":\"Medina\",\"description\":\"Medische analysen\",\"publisher\":{\"@id\":\"https:\/\/www.medina.be\/nl\/#organization\"},\"potentialAction\":[{\"@type\":\"SearchAction\",\"target\":{\"@type\":\"EntryPoint\",\"urlTemplate\":\"https:\/\/www.medina.be\/nl\/?s={search_term_string}\"},\"query-input\":{\"@type\":\"PropertyValueSpecification\",\"valueRequired\":true,\"valueName\":\"search_term_string\"}}],\"inLanguage\":\"fr-FR\"},{\"@type\":\"Organization\",\"@id\":\"https:\/\/www.medina.be\/nl\/#organization\",\"name\":\"Medina\",\"url\":\"https:\/\/www.medina.be\/nl\/\",\"logo\":{\"@type\":\"ImageObject\",\"inLanguage\":\"fr-FR\",\"@id\":\"https:\/\/www.medina.be\/nl\/#\/schema\/logo\/image\/\",\"url\":\"https:\/\/www.medina.be\/wp-content\/uploads\/2023\/05\/Medina-medisch-labo-logo@2x.png\",\"contentUrl\":\"https:\/\/www.medina.be\/wp-content\/uploads\/2023\/05\/Medina-medisch-labo-logo@2x.png\",\"width\":500,\"height\":196,\"caption\":\"Medina\"},\"image\":{\"@id\":\"https:\/\/www.medina.be\/nl\/#\/schema\/logo\/image\/\"},\"sameAs\":[\"https:\/\/www.facebook.com\/medinacma\/\"]}]}<\/script>\n<!-- \/ Yoast SEO plugin. -->","yoast_head_json":{"title":"MyNews - Medina","description":"Het labo informeert u regelmatig over evoluties in het labo en wetenschappelijk relevante ontwikkelingen op gebied van de klinische biologie:","robots":{"index":"index","follow":"follow","max-snippet":"max-snippet:-1","max-image-preview":"max-image-preview:large","max-video-preview":"max-video-preview:-1"},"canonical":"https:\/\/www.medina.be\/fr\/medecin\/mylab-prise-en-charge\/mynews\/","og_locale":"fr_FR","og_type":"article","og_title":"MyNews - Medina","og_description":"Het labo informeert u regelmatig over evoluties in het labo en wetenschappelijk relevante ontwikkelingen op gebied van de klinische biologie:","og_url":"https:\/\/www.medina.be\/fr\/medecin\/mylab-prise-en-charge\/mynews\/","og_site_name":"Medina","article_publisher":"https:\/\/www.facebook.com\/medinacma\/","article_modified_time":"2021-07-15T08:19:25+00:00","twitter_card":"summary_large_image","schema":{"@context":"https:\/\/schema.org","@graph":[{"@type":"WebPage","@id":"https:\/\/www.medina.be\/fr\/medecin\/mylab-prise-en-charge\/mynews\/","url":"https:\/\/www.medina.be\/fr\/medecin\/mylab-prise-en-charge\/mynews\/","name":"MyNews - Medina","isPartOf":{"@id":"https:\/\/www.medina.be\/nl\/#website"},"datePublished":"2021-03-31T10:33:49+00:00","dateModified":"2021-07-15T08:19:25+00:00","description":"Het labo informeert u regelmatig over evoluties in het labo en wetenschappelijk relevante ontwikkelingen op gebied van de klinische biologie:","breadcrumb":{"@id":"https:\/\/www.medina.be\/fr\/medecin\/mylab-prise-en-charge\/mynews\/#breadcrumb"},"inLanguage":"fr-FR","potentialAction":[{"@type":"ReadAction","target":["https:\/\/www.medina.be\/fr\/medecin\/mylab-prise-en-charge\/mynews\/"]}]},{"@type":"BreadcrumbList","@id":"https:\/\/www.medina.be\/fr\/medecin\/mylab-prise-en-charge\/mynews\/#breadcrumb","itemListElement":[{"@type":"ListItem","position":1,"name":"HOME","item":"https:\/\/www.medina.be\/fr\/"},{"@type":"ListItem","position":2,"name":"M\u00e9decin","item":"https:\/\/www.medina.be\/fr\/medecin\/"},{"@type":"ListItem","position":3,"name":"Mylab prise en charge","item":"https:\/\/www.medina.be\/fr\/medecin\/mylab-prise-en-charge\/"},{"@type":"ListItem","position":4,"name":"MyNews"}]},{"@type":"WebSite","@id":"https:\/\/www.medina.be\/nl\/#website","url":"https:\/\/www.medina.be\/nl\/","name":"Medina","description":"Medische analysen","publisher":{"@id":"https:\/\/www.medina.be\/nl\/#organization"},"potentialAction":[{"@type":"SearchAction","target":{"@type":"EntryPoint","urlTemplate":"https:\/\/www.medina.be\/nl\/?s={search_term_string}"},"query-input":{"@type":"PropertyValueSpecification","valueRequired":true,"valueName":"search_term_string"}}],"inLanguage":"fr-FR"},{"@type":"Organization","@id":"https:\/\/www.medina.be\/nl\/#organization","name":"Medina","url":"https:\/\/www.medina.be\/nl\/","logo":{"@type":"ImageObject","inLanguage":"fr-FR","@id":"https:\/\/www.medina.be\/nl\/#\/schema\/logo\/image\/","url":"https:\/\/www.medina.be\/wp-content\/uploads\/2023\/05\/Medina-medisch-labo-logo@2x.png","contentUrl":"https:\/\/www.medina.be\/wp-content\/uploads\/2023\/05\/Medina-medisch-labo-logo@2x.png","width":500,"height":196,"caption":"Medina"},"image":{"@id":"https:\/\/www.medina.be\/nl\/#\/schema\/logo\/image\/"},"sameAs":["https:\/\/www.facebook.com\/medinacma\/"]}]}},"_links":{"self":[{"href":"https:\/\/www.medina.be\/fr\/wp-json\/wp\/v2\/pages\/2656","targetHints":{"allow":["GET"]}}],"collection":[{"href":"https:\/\/www.medina.be\/fr\/wp-json\/wp\/v2\/pages"}],"about":[{"href":"https:\/\/www.medina.be\/fr\/wp-json\/wp\/v2\/types\/page"}],"author":[{"embeddable":true,"href":"https:\/\/www.medina.be\/fr\/wp-json\/wp\/v2\/users\/1"}],"replies":[{"embeddable":true,"href":"https:\/\/www.medina.be\/fr\/wp-json\/wp\/v2\/comments?post=2656"}],"version-history":[{"count":0,"href":"https:\/\/www.medina.be\/fr\/wp-json\/wp\/v2\/pages\/2656\/revisions"}],"up":[{"embeddable":true,"href":"https:\/\/www.medina.be\/fr\/wp-json\/wp\/v2\/pages\/2715"}],"wp:attachment":[{"href":"https:\/\/www.medina.be\/fr\/wp-json\/wp\/v2\/media?parent=2656"}],"curies":[{"name":"wp","href":"https:\/\/api.w.org\/{rel}","templated":true}]}}