{"id":2634,"date":"2021-03-31T12:08:48","date_gmt":"2021-03-31T10:08:48","guid":{"rendered":"https:\/\/www.medina.be\/?page_id=2634"},"modified":"2021-04-14T15:06:56","modified_gmt":"2021-04-14T13:06:56","slug":"myrequest","status":"publish","type":"page","link":"https:\/\/www.medina.be\/fr\/medecin\/mylab-operationnel\/myrequest\/","title":{"rendered":"MyRequest"},"content":{"rendered":"<div class=\"wpb-content-wrapper\"><p>[vc_row full_width=&#8221;stretch_row&#8221; css=&#8221;.vc_custom_1617031278695{padding-top: 10% !important;padding-bottom: 10% !important;background-image: url(https:\/\/www.medina.be\/wp-content\/uploads\/2021\/03\/AdobeStock_265080298-hoofding.jpg?id=5735) !important;background-position: center !important;background-repeat: no-repeat !important;background-size: cover !important;}&#8221; el_class=&#8221;header-bg&#8221;][vc_column][\/vc_column][\/vc_row][vc_row][vc_column width=&#8221;1\/4&#8243; css=&#8221;.vc_custom_1613485674609{padding-top: 20px !important;}&#8221;][\/vc_column][vc_column width=&#8221;3\/4&#8243; css=&#8221;.vc_custom_1613485670954{padding-top: 20px !important;}&#8221;][vc_column_text css=&#8221;.vc_custom_1613487487375{margin-bottom: 20px !important;}&#8221;][show-breadcrumbs][\/vc_column_text][\/vc_column][\/vc_row][vc_row css=&#8221;.vc_custom_1614162013820{margin-bottom: 35px !important;padding-bottom: 4% !important;}&#8221;][vc_column width=&#8221;1\/4&#8243; css=&#8221;.vc_custom_1613052450674{padding-right: 6% !important;}&#8221;][vc_widget_sidebar sidebar_id=&#8221;sidebar-artsen&#8221;][\/vc_column][vc_column width=&#8221;3\/4&#8243;][vc_row_inner css=&#8221;.vc_custom_1613485985226{margin-bottom: 10px !important;}&#8221;][vc_column_inner][vc_custom_heading text=&#8221;MYREQUEST&#8221; font_container=&#8221;tag:h1|text_align:left&#8221; use_theme_fonts=&#8221;yes&#8221; css=&#8221;.vc_custom_1614162057428{margin-top: 12px !important;}&#8221;][\/vc_column_inner][\/vc_row_inner][vc_row_inner css=&#8221;.vc_custom_1613054576443{margin-bottom: 0px !important;}&#8221;][vc_column_inner][vc_custom_heading text=&#8221;Le formulaire de demande en ligne&#8221; use_theme_fonts=&#8221;yes&#8221; css=&#8221;.vc_custom_1617185079715{padding-bottom: 2% !important;}&#8221;][vc_column_text el_class=&#8221;list-plus&#8221;]Gr\u00e2ce \u00e0 MyRequest, vous pouvez effectuer des demandes de laboratoire num\u00e9rique. Vous pouvez activer le module \u00e0 partir de votre paquet m\u00e9dical, les informations relatives au patient \u00e9tant alors automatiquement reprises.[\/vc_column_text][\/vc_column_inner][\/vc_row_inner][vc_row_inner css=&#8221;.vc_custom_1615454509392{margin-bottom: 0px !important;}&#8221; el_class=&#8221;box&#8221;][vc_column_inner][vc_custom_heading text=&#8221;Myrequest contient trois composants :&#8221; use_theme_fonts=&#8221;yes&#8221; css=&#8221;.vc_custom_1617185383651{padding-bottom: 2% !important;}&#8221;][vc_column_text el_class=&#8221;list-plus&#8221;]<\/p>\n<ul>\n<li><span style=\"text-decoration: underline\"><strong>Administration:<\/strong><\/span><\/li>\n<\/ul>\n<p>Contient la partie administrative de la demande, comme les informations sur le patient et le traitement administratif de la demande. Si vous avez ouvert MyRequest par le biais de votre paquetage m\u00e9dical, il prendra les informations du patient \u00e0 partir de l\u00e0. L&#8217;identification du patient par la lecture d&#8217;un code-barres assure un suivi sans erreur des \u00e9chantillons.[\/vc_column_text][vc_single_image image=&#8221;12078&#8243; img_size=&#8221;full&#8221; el_class=&#8221;shadow&#8221; css=&#8221;.vc_custom_1618405479066{background-image: url(https:\/\/www.medina.be\/wp-content\/uploads\/2021\/03\/MyRequest-Administratie.jpg?id=5762) !important;}&#8221;][vc_column_text el_class=&#8221;list-plus&#8221;]<\/p>\n<ul>\n<li><strong><span style=\"text-decoration: underline\">Compl\u00e9tez le formulaire:<\/span><br \/>\n<\/strong><br \/>\nVous d\u00e9terminez ici l&#8217;analyse que vous souhaitez demander. Derri\u00e8re chaque analyse, vous trouverez \u00e9galement une fiche qui fournit des informations suppl\u00e9mentaires sur l&#8217;analyse. Vous pouvez \u00e9galement trouver une liste de profils de laboratoire pour une demande sp\u00e9cifique ou cr\u00e9er vos propres profils (r\u00e9currents) sous l&#8217;option &#8220;Profils&#8221;. Au niveau des analyses, vous pouvez consulter l&#8217;historique \u00e0 tout moment.<\/li>\n<\/ul>\n<p>[\/vc_column_text][vc_single_image image=&#8221;12076&#8243; img_size=&#8221;full&#8221; el_class=&#8221;shadow&#8221; css=&#8221;.vc_custom_1618405501982{background-image: url(https:\/\/www.medina.be\/wp-content\/uploads\/2021\/03\/MyRequest-Aanvraag.jpg?id=5770) !important;}&#8221;][vc_column_text el_class=&#8221;list-plus&#8221;]<\/p>\n<ul>\n<li><strong><span style=\"text-decoration: underline\">Traiter<\/span>:<br \/>\n<\/strong><br \/>\nContient l&#8217;aper\u00e7u de votre administration et les analyses que vous avez demand\u00e9es.<\/li>\n<\/ul>\n<p>[\/vc_column_text][\/vc_column_inner][\/vc_row_inner][\/vc_column][\/vc_row]<\/p>\n<\/div>","protected":false},"excerpt":{"rendered":"<p>[vc_row full_width=&#8221;stretch_row&#8221; css=&#8221;.vc_custom_1617031278695{padding-top: 10% !important;padding-bottom: 10% !important;background-image: url(https:\/\/www.medina.be\/wp-content\/uploads\/2021\/03\/AdobeStock_265080298-hoofding.jpg?id=5735) !important;background-position: center !important;background-repeat: no-repeat !important;background-size: cover !important;}&#8221; el_class=&#8221;header-bg&#8221;][vc_column][\/vc_column][\/vc_row][vc_row][vc_column width=&#8221;1\/4&#8243; css=&#8221;.vc_custom_1613485674609{padding-top: 20px !important;}&#8221;][\/vc_column][vc_column width=&#8221;3\/4&#8243; css=&#8221;.vc_custom_1613485670954{padding-top: 20px !important;}&#8221;][vc_column_text css=&#8221;.vc_custom_1613487487375{margin-bottom: 20px<span class=\"excerpt-hellip\"> [\u2026]<\/span><\/p>\n","protected":false},"author":1,"featured_media":0,"parent":2707,"menu_order":23,"comment_status":"closed","ping_status":"closed","template":"","meta":{"_acf_changed":false,"footnotes":""},"class_list":["post-2634","page","type-page","status-publish","hentry"],"acf":[],"yoast_head":"<!-- This site is optimized with the Yoast SEO plugin v26.7 - https:\/\/yoast.com\/wordpress\/plugins\/seo\/ -->\n<title>MyRequest - Medina<\/title>\n<meta name=\"description\" content=\"Via MyRequest kan u digitaal labo-aanvragen doen.\" \/>\n<meta name=\"robots\" content=\"index, follow, max-snippet:-1, max-image-preview:large, max-video-preview:-1\" \/>\n<link rel=\"canonical\" href=\"https:\/\/www.medina.be\/fr\/medecin\/mylab-operationnel\/myrequest\/\" \/>\n<meta property=\"og:locale\" content=\"fr_FR\" \/>\n<meta property=\"og:type\" content=\"article\" \/>\n<meta property=\"og:title\" content=\"MyRequest - Medina\" \/>\n<meta property=\"og:description\" content=\"Via MyRequest kan u digitaal labo-aanvragen doen.\" \/>\n<meta property=\"og:url\" content=\"https:\/\/www.medina.be\/fr\/medecin\/mylab-operationnel\/myrequest\/\" \/>\n<meta property=\"og:site_name\" content=\"Medina\" \/>\n<meta property=\"article:publisher\" content=\"https:\/\/www.facebook.com\/medinacma\/\" \/>\n<meta property=\"article:modified_time\" content=\"2021-04-14T13:06:56+00:00\" \/>\n<meta name=\"twitter:card\" content=\"summary_large_image\" \/>\n<script type=\"application\/ld+json\" class=\"yoast-schema-graph\">{\"@context\":\"https:\/\/schema.org\",\"@graph\":[{\"@type\":\"WebPage\",\"@id\":\"https:\/\/www.medina.be\/fr\/medecin\/mylab-operationnel\/myrequest\/\",\"url\":\"https:\/\/www.medina.be\/fr\/medecin\/mylab-operationnel\/myrequest\/\",\"name\":\"MyRequest - Medina\",\"isPartOf\":{\"@id\":\"https:\/\/www.medina.be\/nl\/#website\"},\"datePublished\":\"2021-03-31T10:08:48+00:00\",\"dateModified\":\"2021-04-14T13:06:56+00:00\",\"description\":\"Via MyRequest kan u digitaal labo-aanvragen doen.\",\"breadcrumb\":{\"@id\":\"https:\/\/www.medina.be\/fr\/medecin\/mylab-operationnel\/myrequest\/#breadcrumb\"},\"inLanguage\":\"fr-FR\",\"potentialAction\":[{\"@type\":\"ReadAction\",\"target\":[\"https:\/\/www.medina.be\/fr\/medecin\/mylab-operationnel\/myrequest\/\"]}]},{\"@type\":\"BreadcrumbList\",\"@id\":\"https:\/\/www.medina.be\/fr\/medecin\/mylab-operationnel\/myrequest\/#breadcrumb\",\"itemListElement\":[{\"@type\":\"ListItem\",\"position\":1,\"name\":\"HOME\",\"item\":\"https:\/\/www.medina.be\/fr\/\"},{\"@type\":\"ListItem\",\"position\":2,\"name\":\"M\u00e9decin\",\"item\":\"https:\/\/www.medina.be\/fr\/medecin\/\"},{\"@type\":\"ListItem\",\"position\":3,\"name\":\"Mylab op\u00e9rationnel\",\"item\":\"https:\/\/www.medina.be\/fr\/medecin\/mylab-operationnel\/\"},{\"@type\":\"ListItem\",\"position\":4,\"name\":\"MyRequest\"}]},{\"@type\":\"WebSite\",\"@id\":\"https:\/\/www.medina.be\/nl\/#website\",\"url\":\"https:\/\/www.medina.be\/nl\/\",\"name\":\"Medina\",\"description\":\"Medische analysen\",\"publisher\":{\"@id\":\"https:\/\/www.medina.be\/nl\/#organization\"},\"potentialAction\":[{\"@type\":\"SearchAction\",\"target\":{\"@type\":\"EntryPoint\",\"urlTemplate\":\"https:\/\/www.medina.be\/nl\/?s={search_term_string}\"},\"query-input\":{\"@type\":\"PropertyValueSpecification\",\"valueRequired\":true,\"valueName\":\"search_term_string\"}}],\"inLanguage\":\"fr-FR\"},{\"@type\":\"Organization\",\"@id\":\"https:\/\/www.medina.be\/nl\/#organization\",\"name\":\"Medina\",\"url\":\"https:\/\/www.medina.be\/nl\/\",\"logo\":{\"@type\":\"ImageObject\",\"inLanguage\":\"fr-FR\",\"@id\":\"https:\/\/www.medina.be\/nl\/#\/schema\/logo\/image\/\",\"url\":\"https:\/\/www.medina.be\/wp-content\/uploads\/2023\/05\/Medina-medisch-labo-logo@2x.png\",\"contentUrl\":\"https:\/\/www.medina.be\/wp-content\/uploads\/2023\/05\/Medina-medisch-labo-logo@2x.png\",\"width\":500,\"height\":196,\"caption\":\"Medina\"},\"image\":{\"@id\":\"https:\/\/www.medina.be\/nl\/#\/schema\/logo\/image\/\"},\"sameAs\":[\"https:\/\/www.facebook.com\/medinacma\/\"]}]}<\/script>\n<!-- \/ Yoast SEO plugin. -->","yoast_head_json":{"title":"MyRequest - Medina","description":"Via MyRequest kan u digitaal labo-aanvragen doen.","robots":{"index":"index","follow":"follow","max-snippet":"max-snippet:-1","max-image-preview":"max-image-preview:large","max-video-preview":"max-video-preview:-1"},"canonical":"https:\/\/www.medina.be\/fr\/medecin\/mylab-operationnel\/myrequest\/","og_locale":"fr_FR","og_type":"article","og_title":"MyRequest - Medina","og_description":"Via MyRequest kan u digitaal labo-aanvragen doen.","og_url":"https:\/\/www.medina.be\/fr\/medecin\/mylab-operationnel\/myrequest\/","og_site_name":"Medina","article_publisher":"https:\/\/www.facebook.com\/medinacma\/","article_modified_time":"2021-04-14T13:06:56+00:00","twitter_card":"summary_large_image","schema":{"@context":"https:\/\/schema.org","@graph":[{"@type":"WebPage","@id":"https:\/\/www.medina.be\/fr\/medecin\/mylab-operationnel\/myrequest\/","url":"https:\/\/www.medina.be\/fr\/medecin\/mylab-operationnel\/myrequest\/","name":"MyRequest - Medina","isPartOf":{"@id":"https:\/\/www.medina.be\/nl\/#website"},"datePublished":"2021-03-31T10:08:48+00:00","dateModified":"2021-04-14T13:06:56+00:00","description":"Via MyRequest kan u digitaal labo-aanvragen doen.","breadcrumb":{"@id":"https:\/\/www.medina.be\/fr\/medecin\/mylab-operationnel\/myrequest\/#breadcrumb"},"inLanguage":"fr-FR","potentialAction":[{"@type":"ReadAction","target":["https:\/\/www.medina.be\/fr\/medecin\/mylab-operationnel\/myrequest\/"]}]},{"@type":"BreadcrumbList","@id":"https:\/\/www.medina.be\/fr\/medecin\/mylab-operationnel\/myrequest\/#breadcrumb","itemListElement":[{"@type":"ListItem","position":1,"name":"HOME","item":"https:\/\/www.medina.be\/fr\/"},{"@type":"ListItem","position":2,"name":"M\u00e9decin","item":"https:\/\/www.medina.be\/fr\/medecin\/"},{"@type":"ListItem","position":3,"name":"Mylab op\u00e9rationnel","item":"https:\/\/www.medina.be\/fr\/medecin\/mylab-operationnel\/"},{"@type":"ListItem","position":4,"name":"MyRequest"}]},{"@type":"WebSite","@id":"https:\/\/www.medina.be\/nl\/#website","url":"https:\/\/www.medina.be\/nl\/","name":"Medina","description":"Medische analysen","publisher":{"@id":"https:\/\/www.medina.be\/nl\/#organization"},"potentialAction":[{"@type":"SearchAction","target":{"@type":"EntryPoint","urlTemplate":"https:\/\/www.medina.be\/nl\/?s={search_term_string}"},"query-input":{"@type":"PropertyValueSpecification","valueRequired":true,"valueName":"search_term_string"}}],"inLanguage":"fr-FR"},{"@type":"Organization","@id":"https:\/\/www.medina.be\/nl\/#organization","name":"Medina","url":"https:\/\/www.medina.be\/nl\/","logo":{"@type":"ImageObject","inLanguage":"fr-FR","@id":"https:\/\/www.medina.be\/nl\/#\/schema\/logo\/image\/","url":"https:\/\/www.medina.be\/wp-content\/uploads\/2023\/05\/Medina-medisch-labo-logo@2x.png","contentUrl":"https:\/\/www.medina.be\/wp-content\/uploads\/2023\/05\/Medina-medisch-labo-logo@2x.png","width":500,"height":196,"caption":"Medina"},"image":{"@id":"https:\/\/www.medina.be\/nl\/#\/schema\/logo\/image\/"},"sameAs":["https:\/\/www.facebook.com\/medinacma\/"]}]}},"_links":{"self":[{"href":"https:\/\/www.medina.be\/fr\/wp-json\/wp\/v2\/pages\/2634","targetHints":{"allow":["GET"]}}],"collection":[{"href":"https:\/\/www.medina.be\/fr\/wp-json\/wp\/v2\/pages"}],"about":[{"href":"https:\/\/www.medina.be\/fr\/wp-json\/wp\/v2\/types\/page"}],"author":[{"embeddable":true,"href":"https:\/\/www.medina.be\/fr\/wp-json\/wp\/v2\/users\/1"}],"replies":[{"embeddable":true,"href":"https:\/\/www.medina.be\/fr\/wp-json\/wp\/v2\/comments?post=2634"}],"version-history":[{"count":0,"href":"https:\/\/www.medina.be\/fr\/wp-json\/wp\/v2\/pages\/2634\/revisions"}],"up":[{"embeddable":true,"href":"https:\/\/www.medina.be\/fr\/wp-json\/wp\/v2\/pages\/2707"}],"wp:attachment":[{"href":"https:\/\/www.medina.be\/fr\/wp-json\/wp\/v2\/media?parent=2634"}],"curies":[{"name":"wp","href":"https:\/\/api.w.org\/{rel}","templated":true}]}}