{"id":2615,"date":"2021-03-31T13:43:51","date_gmt":"2021-03-31T11:43:51","guid":{"rendered":"https:\/\/www.medina.be\/?page_id=2615"},"modified":"2022-08-26T12:25:38","modified_gmt":"2022-08-26T10:25:38","slug":"medecin","status":"publish","type":"page","link":"https:\/\/www.medina.be\/fr\/medecin\/","title":{"rendered":"M\u00e9decin"},"content":{"rendered":"<div class=\"wpb-content-wrapper\"><p>[vc_row full_width=&#8221;stretch_row&#8221; css=&#8221;.vc_custom_1661509535787{padding-top: 10% !important;padding-bottom: 10% !important;background-image: url(https:\/\/www.medina.be\/wp-content\/uploads\/2022\/08\/Medina-arts.jpg?id=48744) !important;background-position: center !important;background-repeat: no-repeat !important;background-size: cover !important;}&#8221; el_class=&#8221;header-bg&#8221;][vc_column][\/vc_column][\/vc_row][vc_row][vc_column width=&#8221;1\/4&#8243; css=&#8221;.vc_custom_1613485674609{padding-top: 20px !important;}&#8221;][\/vc_column][vc_column width=&#8221;3\/4&#8243; css=&#8221;.vc_custom_1613485670954{padding-top: 20px !important;}&#8221;][vc_column_text css=&#8221;.vc_custom_1613487487375{margin-bottom: 20px !important;}&#8221;][show-breadcrumbs][\/vc_column_text][\/vc_column][\/vc_row][vc_row css=&#8221;.vc_custom_1602579700420{margin-bottom: 35px !important;padding-bottom: 4% !important;}&#8221;][vc_column width=&#8221;1\/4&#8243; css=&#8221;.vc_custom_1613052450674{padding-right: 6% !important;}&#8221;][vc_widget_sidebar sidebar_id=&#8221;sidebar-artsen&#8221;][\/vc_column][vc_column width=&#8221;3\/4&#8243;][vc_row_inner css=&#8221;.vc_custom_1613485985226{margin-bottom: 10px !important;}&#8221;][vc_column_inner][vc_custom_heading text=&#8221;M\u00e9decin&#8221; font_container=&#8221;tag:h1|text_align:left&#8221; use_theme_fonts=&#8221;yes&#8221; css=&#8221;.vc_custom_1617354118674{margin-top: 12px !important;}&#8221;][\/vc_column_inner][\/vc_row_inner][vc_row_inner][vc_column_inner width=&#8221;1\/2&#8243;][vc_custom_heading text=&#8221;Mylab&#8221; use_theme_fonts=&#8221;yes&#8221;][vc_column_text css=&#8221;.vc_custom_1617354143694{margin-bottom: 25px !important;}&#8221;]MyLab est une plateforme num\u00e9rique s\u00e9curis\u00e9e pour les m\u00e9decins\/prescripteurs. Gr\u00e2ce \u00e0 diff\u00e9rents canaux d&#8217;acc\u00e8s, vous pouvez demander des analyses de laboratoire, consulter les r\u00e9sultats, rechercher des analyses dans notre biblioth\u00e8que num\u00e9rique, passer des commandes et trouver d&#8217;autres informations utiles.<\/p>\n<p>MyLab peut \u00eatre consult\u00e9 via tout navigateur moderne, aussi bien sur ordinateur de bureau (Pc ou Mac) que sur tablettes et t\u00e9l\u00e9phones mobiles (Android ou iOS). MyLab n&#8217;est pas une application, mais nous vous offrons un site web r\u00e9actif pour une exp\u00e9rience web ultime.[\/vc_column_text][\/vc_column_inner][vc_column_inner width=&#8221;1\/2&#8243;][vc_single_image image=&#8221;2966&#8243; img_size=&#8221;full&#8221; el_class=&#8221;shadow&#8221;][\/vc_column_inner][\/vc_row_inner][vc_custom_heading text=&#8221;Que pouvons-nous vous offrir ?&#8221; use_theme_fonts=&#8221;yes&#8221;][vc_row_inner el_class=&#8221;row-list&#8221;][vc_column_inner][vc_column_text css=&#8221;.vc_custom_1617354531692{margin-bottom: 0px !important;}&#8221;]<a href=\"\/fr\/medecin\/mylab-operationnel\/\">Mylab operationnel<\/a>[\/vc_column_text][vc_column_text css=&#8221;.vc_custom_1617207286047{margin-bottom: 0px !important;}&#8221;]<a href=\"\/fr\/medecin\/mylab-prise-en-charge\/\">Mylab prise en charge<\/a>[\/vc_column_text][vc_column_text css=&#8221;.vc_custom_1617207336944{margin-bottom: 0px !important;}&#8221;]<a href=\"\/fr\/medecin\/nos-services\/\">Nos services<\/a>[\/vc_column_text][vc_column_text css=&#8221;.vc_custom_1617207398169{margin-bottom: 0px !important;}&#8221;]<a href=\"\/fr\/medecin\/demandez-votre-compte\/\">Demandez votre compte<\/a>[\/vc_column_text][\/vc_column_inner][\/vc_row_inner][\/vc_column][\/vc_row]<\/p>\n<\/div>","protected":false},"excerpt":{"rendered":"<p>[vc_row full_width=&#8221;stretch_row&#8221; css=&#8221;.vc_custom_1661509535787{padding-top: 10% !important;padding-bottom: 10% !important;background-image: url(https:\/\/www.medina.be\/wp-content\/uploads\/2022\/08\/Medina-arts.jpg?id=48744) !important;background-position: center !important;background-repeat: no-repeat !important;background-size: cover !important;}&#8221; el_class=&#8221;header-bg&#8221;][vc_column][\/vc_column][\/vc_row][vc_row][vc_column width=&#8221;1\/4&#8243; css=&#8221;.vc_custom_1613485674609{padding-top: 20px !important;}&#8221;][\/vc_column][vc_column width=&#8221;3\/4&#8243; css=&#8221;.vc_custom_1613485670954{padding-top: 20px !important;}&#8221;][vc_column_text css=&#8221;.vc_custom_1613487487375{margin-bottom: 20px<span class=\"excerpt-hellip\"> [\u2026]<\/span><\/p>\n","protected":false},"author":1,"featured_media":0,"parent":0,"menu_order":45,"comment_status":"closed","ping_status":"closed","template":"","meta":{"_acf_changed":false,"footnotes":""},"class_list":["post-2615","page","type-page","status-publish","hentry"],"acf":[],"yoast_head":"<!-- This site is optimized with the Yoast SEO plugin v26.7 - https:\/\/yoast.com\/wordpress\/plugins\/seo\/ -->\n<title>M\u00e9decin - Medina<\/title>\n<meta name=\"description\" content=\"MyLab is een beveiligd digitaal platform voor artsen\/voorschrijvers.\" \/>\n<meta name=\"robots\" content=\"index, follow, max-snippet:-1, max-image-preview:large, max-video-preview:-1\" \/>\n<link rel=\"canonical\" href=\"https:\/\/www.medina.be\/fr\/medecin\/\" \/>\n<meta property=\"og:locale\" content=\"fr_FR\" \/>\n<meta property=\"og:type\" content=\"article\" \/>\n<meta property=\"og:title\" content=\"M\u00e9decin - Medina\" \/>\n<meta property=\"og:description\" content=\"MyLab is een beveiligd digitaal platform voor artsen\/voorschrijvers.\" \/>\n<meta property=\"og:url\" content=\"https:\/\/www.medina.be\/fr\/medecin\/\" \/>\n<meta property=\"og:site_name\" content=\"Medina\" \/>\n<meta property=\"article:publisher\" content=\"https:\/\/www.facebook.com\/medinacma\/\" \/>\n<meta property=\"article:modified_time\" content=\"2022-08-26T10:25:38+00:00\" \/>\n<meta name=\"twitter:card\" content=\"summary_large_image\" \/>\n<script type=\"application\/ld+json\" class=\"yoast-schema-graph\">{\"@context\":\"https:\/\/schema.org\",\"@graph\":[{\"@type\":\"WebPage\",\"@id\":\"https:\/\/www.medina.be\/fr\/medecin\/\",\"url\":\"https:\/\/www.medina.be\/fr\/medecin\/\",\"name\":\"M\u00e9decin - Medina\",\"isPartOf\":{\"@id\":\"https:\/\/www.medina.be\/nl\/#website\"},\"datePublished\":\"2021-03-31T11:43:51+00:00\",\"dateModified\":\"2022-08-26T10:25:38+00:00\",\"description\":\"MyLab is een beveiligd digitaal platform voor artsen\/voorschrijvers.\",\"breadcrumb\":{\"@id\":\"https:\/\/www.medina.be\/fr\/medecin\/#breadcrumb\"},\"inLanguage\":\"fr-FR\",\"potentialAction\":[{\"@type\":\"ReadAction\",\"target\":[\"https:\/\/www.medina.be\/fr\/medecin\/\"]}]},{\"@type\":\"BreadcrumbList\",\"@id\":\"https:\/\/www.medina.be\/fr\/medecin\/#breadcrumb\",\"itemListElement\":[{\"@type\":\"ListItem\",\"position\":1,\"name\":\"HOME\",\"item\":\"https:\/\/www.medina.be\/fr\/\"},{\"@type\":\"ListItem\",\"position\":2,\"name\":\"M\u00e9decin\"}]},{\"@type\":\"WebSite\",\"@id\":\"https:\/\/www.medina.be\/nl\/#website\",\"url\":\"https:\/\/www.medina.be\/nl\/\",\"name\":\"Medina\",\"description\":\"Medische analysen\",\"publisher\":{\"@id\":\"https:\/\/www.medina.be\/nl\/#organization\"},\"potentialAction\":[{\"@type\":\"SearchAction\",\"target\":{\"@type\":\"EntryPoint\",\"urlTemplate\":\"https:\/\/www.medina.be\/nl\/?s={search_term_string}\"},\"query-input\":{\"@type\":\"PropertyValueSpecification\",\"valueRequired\":true,\"valueName\":\"search_term_string\"}}],\"inLanguage\":\"fr-FR\"},{\"@type\":\"Organization\",\"@id\":\"https:\/\/www.medina.be\/nl\/#organization\",\"name\":\"Medina\",\"url\":\"https:\/\/www.medina.be\/nl\/\",\"logo\":{\"@type\":\"ImageObject\",\"inLanguage\":\"fr-FR\",\"@id\":\"https:\/\/www.medina.be\/nl\/#\/schema\/logo\/image\/\",\"url\":\"https:\/\/www.medina.be\/wp-content\/uploads\/2023\/05\/Medina-medisch-labo-logo@2x.png\",\"contentUrl\":\"https:\/\/www.medina.be\/wp-content\/uploads\/2023\/05\/Medina-medisch-labo-logo@2x.png\",\"width\":500,\"height\":196,\"caption\":\"Medina\"},\"image\":{\"@id\":\"https:\/\/www.medina.be\/nl\/#\/schema\/logo\/image\/\"},\"sameAs\":[\"https:\/\/www.facebook.com\/medinacma\/\"]}]}<\/script>\n<!-- \/ Yoast SEO plugin. -->","yoast_head_json":{"title":"M\u00e9decin - Medina","description":"MyLab is een beveiligd digitaal platform voor artsen\/voorschrijvers.","robots":{"index":"index","follow":"follow","max-snippet":"max-snippet:-1","max-image-preview":"max-image-preview:large","max-video-preview":"max-video-preview:-1"},"canonical":"https:\/\/www.medina.be\/fr\/medecin\/","og_locale":"fr_FR","og_type":"article","og_title":"M\u00e9decin - Medina","og_description":"MyLab is een beveiligd digitaal platform voor artsen\/voorschrijvers.","og_url":"https:\/\/www.medina.be\/fr\/medecin\/","og_site_name":"Medina","article_publisher":"https:\/\/www.facebook.com\/medinacma\/","article_modified_time":"2022-08-26T10:25:38+00:00","twitter_card":"summary_large_image","schema":{"@context":"https:\/\/schema.org","@graph":[{"@type":"WebPage","@id":"https:\/\/www.medina.be\/fr\/medecin\/","url":"https:\/\/www.medina.be\/fr\/medecin\/","name":"M\u00e9decin - Medina","isPartOf":{"@id":"https:\/\/www.medina.be\/nl\/#website"},"datePublished":"2021-03-31T11:43:51+00:00","dateModified":"2022-08-26T10:25:38+00:00","description":"MyLab is een beveiligd digitaal platform voor artsen\/voorschrijvers.","breadcrumb":{"@id":"https:\/\/www.medina.be\/fr\/medecin\/#breadcrumb"},"inLanguage":"fr-FR","potentialAction":[{"@type":"ReadAction","target":["https:\/\/www.medina.be\/fr\/medecin\/"]}]},{"@type":"BreadcrumbList","@id":"https:\/\/www.medina.be\/fr\/medecin\/#breadcrumb","itemListElement":[{"@type":"ListItem","position":1,"name":"HOME","item":"https:\/\/www.medina.be\/fr\/"},{"@type":"ListItem","position":2,"name":"M\u00e9decin"}]},{"@type":"WebSite","@id":"https:\/\/www.medina.be\/nl\/#website","url":"https:\/\/www.medina.be\/nl\/","name":"Medina","description":"Medische analysen","publisher":{"@id":"https:\/\/www.medina.be\/nl\/#organization"},"potentialAction":[{"@type":"SearchAction","target":{"@type":"EntryPoint","urlTemplate":"https:\/\/www.medina.be\/nl\/?s={search_term_string}"},"query-input":{"@type":"PropertyValueSpecification","valueRequired":true,"valueName":"search_term_string"}}],"inLanguage":"fr-FR"},{"@type":"Organization","@id":"https:\/\/www.medina.be\/nl\/#organization","name":"Medina","url":"https:\/\/www.medina.be\/nl\/","logo":{"@type":"ImageObject","inLanguage":"fr-FR","@id":"https:\/\/www.medina.be\/nl\/#\/schema\/logo\/image\/","url":"https:\/\/www.medina.be\/wp-content\/uploads\/2023\/05\/Medina-medisch-labo-logo@2x.png","contentUrl":"https:\/\/www.medina.be\/wp-content\/uploads\/2023\/05\/Medina-medisch-labo-logo@2x.png","width":500,"height":196,"caption":"Medina"},"image":{"@id":"https:\/\/www.medina.be\/nl\/#\/schema\/logo\/image\/"},"sameAs":["https:\/\/www.facebook.com\/medinacma\/"]}]}},"_links":{"self":[{"href":"https:\/\/www.medina.be\/fr\/wp-json\/wp\/v2\/pages\/2615","targetHints":{"allow":["GET"]}}],"collection":[{"href":"https:\/\/www.medina.be\/fr\/wp-json\/wp\/v2\/pages"}],"about":[{"href":"https:\/\/www.medina.be\/fr\/wp-json\/wp\/v2\/types\/page"}],"author":[{"embeddable":true,"href":"https:\/\/www.medina.be\/fr\/wp-json\/wp\/v2\/users\/1"}],"replies":[{"embeddable":true,"href":"https:\/\/www.medina.be\/fr\/wp-json\/wp\/v2\/comments?post=2615"}],"version-history":[{"count":0,"href":"https:\/\/www.medina.be\/fr\/wp-json\/wp\/v2\/pages\/2615\/revisions"}],"wp:attachment":[{"href":"https:\/\/www.medina.be\/fr\/wp-json\/wp\/v2\/media?parent=2615"}],"curies":[{"name":"wp","href":"https:\/\/api.w.org\/{rel}","templated":true}]}}