{"id":16034,"date":"2021-06-30T10:39:58","date_gmt":"2021-06-30T08:39:58","guid":{"rendered":"https:\/\/www.medina.be\/?page_id=16034"},"modified":"2022-08-26T13:38:37","modified_gmt":"2022-08-26T11:38:37","slug":"reserver","status":"publish","type":"page","link":"https:\/\/www.medina.be\/fr\/pcr-test\/reserver\/","title":{"rendered":"COVID-19"},"content":{"rendered":"<div class=\"wpb-content-wrapper\"><p>[vc_row full_width=&#8221;stretch_row&#8221; css=&#8221;.vc_custom_1661513914546{padding-top: 10% !important;padding-bottom: 10% !important;background-image: url(https:\/\/www.medina.be\/wp-content\/uploads\/2022\/08\/Medina-Patient-COVID-PCR-test-reizen-en-maak-uw-covid-afspraak.jpg?id=48782) !important;background-position: center !important;background-repeat: no-repeat !important;background-size: cover !important;}&#8221;][vc_column][\/vc_column][\/vc_row][vc_row][vc_column width=&#8221;1\/4&#8243; css=&#8221;.vc_custom_1613485674609{padding-top: 20px !important;}&#8221;][\/vc_column][vc_column width=&#8221;3\/4&#8243; css=&#8221;.vc_custom_1613485670954{padding-top: 20px !important;}&#8221;][vc_column_text css=&#8221;.vc_custom_1613487487375{margin-bottom: 20px !important;}&#8221;][show-breadcrumbs][\/vc_column_text][vc_row_inner disable_element=&#8221;yes&#8221; css=&#8221;.vc_custom_1623582705889{margin-bottom: 10px !important;}&#8221;][vc_column_inner][vc_custom_heading text=&#8221;RESERVATIE COVID-AFNAME&#8221; font_container=&#8221;tag:h1|text_align:left&#8221; use_theme_fonts=&#8221;yes&#8221; css=&#8221;.vc_custom_1613496851645{margin-top: 12px !important;}&#8221;][\/vc_column_inner][\/vc_row_inner][vc_row_inner disable_element=&#8221;yes&#8221;][vc_column_inner width=&#8221;1\/2&#8243;][vc_custom_heading text=&#8221;COVID-19 afspraken van 14\/6 tot en met 20\/6&#8243; use_theme_fonts=&#8221;yes&#8221; css=&#8221;.vc_custom_1623582812036{padding-bottom: 2% !important;}&#8221;][vc_btn title=&#8221;Boek een COVID-19 afpsraak&#8221; style=&#8221;flat&#8221; color=&#8221;green&#8221; link=&#8221;url:%23reservatie&#8221;][\/vc_column_inner][vc_column_inner width=&#8221;1\/2&#8243;][vc_custom_heading text=&#8221;COVID-19 afspraken vanaf 21\/6&#8243; use_theme_fonts=&#8221;yes&#8221; css=&#8221;.vc_custom_1623582856557{padding-bottom: 2% !important;}&#8221;][vc_btn title=&#8221;Boek een COVID-19 afpsraak&#8221; style=&#8221;flat&#8221; color=&#8221;green&#8221;][\/vc_column_inner][\/vc_row_inner][\/vc_column][\/vc_row][vc_row css=&#8221;.vc_custom_1623584530692{margin-bottom: 35px !important;padding-bottom: 4% !important;}&#8221;][vc_column width=&#8221;1\/4&#8243; css=&#8221;.vc_custom_1602511760650{padding-right: 14% !important;}&#8221;][vc_widget_sidebar sidebar_id=&#8221;sidebar-ipatient&#8221;][\/vc_column][vc_column width=&#8221;3\/4&#8243;][vc_row_inner css=&#8221;.vc_custom_1613485985226{margin-bottom: 10px !important;}&#8221;][vc_column_inner][vc_custom_heading text=&#8221;R\u00c9SERVATION PR\u00c9L\u00c8VEMENT DE COVID-19&#8243; font_container=&#8221;tag:h1|text_align:left&#8221; use_theme_fonts=&#8221;yes&#8221; css=&#8221;.vc_custom_1623941132150{margin-top: 12px !important;}&#8221;][\/vc_column_inner][\/vc_row_inner][vc_column_text]\r\n            <style>.wpgmza_table_marker { display: none; }<\/style>\r\n            \r\n            \r\n            <a name='map6'><\/a>\r\n            <div class='wpgmza-marker-listing-category-filter' data-map-id='6' id='wpgmza_filter_6' style='text-align:left; margin-bottom:0px;'><span>Filter by<\/span><select mid=\"6\" id=\"wpgmza_filter_select\" name=\"wpgmza_filter_select\"><option value=\"0\">Tous<\/option><\/select><\/div>\r\n            \r\n            \r\n            \r\n            <div class=\"wpgmza_map \"  id=\"wpgmza_map_6\" style=\"display:block; overflow:auto; width:100%; height:400px; float:left;\" data-settings='{\"id\":\"6\",\"map_title\":\"Locaties fr COVID\",\"map_width\":\"100\",\"map_height\":\"400\",\"map_start_lat\":\"51.035800300000005\",\"map_start_lng\":\"4.1307605000000125\",\"map_start_location\":\"51.0204,5.442983\",\"map_start_zoom\":\"8\",\"default_marker\":\"\",\"type\":\"1\",\"alignment\":\"4\",\"directions_enabled\":\"0\",\"styling_enabled\":\"0\",\"styling_json\":\"\",\"active\":\"0\",\"kml\":\"\",\"bicycle\":\"0\",\"traffic\":\"0\",\"dbox\":\"1\",\"dbox_width\":\"100\",\"listmarkers\":\"0\",\"listmarkers_advanced\":\"0\",\"filterbycat\":\"1\",\"ugm_enabled\":\"0\",\"ugm_category_enabled\":\"0\",\"fusion\":\"\",\"map_width_type\":\"%\",\"map_height_type\":\"px\",\"mass_marker_support\":\"1\",\"ugm_access\":\"0\",\"order_markers_by\":\"2\",\"order_markers_choice\":\"1\",\"show_user_location\":\"0\",\"default_to\":\"\",\"other_settings\":{\"store_locator_enabled\":true,\"wpgmza_store_locator_restrict\":\"be\",\"wpgmza_sl_animation\":\"0\",\"store_locator_query_string\":\"Postcode\\\/adres:\",\"store_locator_name_string\":\"Titel \\\/ beschrijving\",\"store_locator_default_address\":\"\",\"store_locator_default_radius\":\"10\",\"store_locator_not_found_message\":\"Geen resultaten gevonden voor deze zoekopdracht\",\"store_locator_style\":\"legacy\",\"wpgmza_store_locator_radius_style\":\"legacy\",\"store_locator_search_area\":\"radial\",\"directions_box_style\":\"modern\",\"show_distance_from_location\":false,\"map_max_zoom\":\"6\",\"map_min_zoom\":\"16\",\"sl_stroke_color\":\"#000000\",\"sl_stroke_opacity\":\"0.25\",\"sl_fill_color\":\"#000000\",\"sl_fill_opacity\":\"0.15\",\"jump_to_nearest_marker_on_initialization\":true,\"automatically_pan_to_users_location\":false,\"override_users_location_zoom_level\":false,\"click_open_link\":false,\"hide_point_of_interest\":false,\"fit_maps_bounds_to_markers\":false,\"fit_maps_bounds_to_markers_after_filtering\":false,\"wpgmza_auto_night\":0,\"transport_layer\":false,\"polygon_labels\":false,\"enable_marker_ratings\":false,\"iw_primary_color\":\"2A3744\",\"iw_accent_color\":\"252F3A\",\"iw_text_color\":\"FFFFFF\",\"wpgmza_iw_type\":\"0\",\"list_markers_by\":\"4\",\"push_in_map\":\"\",\"push_in_map_placement\":\"9\",\"wpgmza_push_in_map_width\":\"\",\"wpgmza_push_in_map_height\":\"\",\"wpgmza_theme_data\":\"[\\\"visibility\\\", \\\"invert_lightness\\\", \\\"color\\\", \\\"weight\\\", \\\"hue\\\", \\\"saturation\\\", \\\"lightness\\\", \\\"gamma\\\"]\",\"upload_default_ul_marker\":\"\",\"upload_default_sl_marker\":\"\",\"store_locator_auto_area_max_zoom\":\"19\",\"wpgmza_dbox_width_type\":\"%\",\"default_from\":\"\",\"directions_behaviour\":\"default\",\"force_google_directions_app\":false,\"directions_route_origin_icon\":\"https:\\\/\\\/www.medina.be\\\/wp-content\\\/plugins\\\/wp-google-maps\\\/images\\\/spotlight-poi2.png\",\"retina\":false,\"directions_route_destination_icon\":\"https:\\\/\\\/www.medina.be\\\/wp-content\\\/plugins\\\/wp-google-maps\\\/images\\\/spotlight-poi2.png\",\"directions_route_stroke_color\":\"#4f8df5\",\"directions_route_stroke_weight\":\"4\",\"directions_route_stroke_opacity\":\"0.8\",\"enable_advanced_custom_fields_integration\":false,\"enable_toolset_woocommerce_integration\":false,\"shortcodeAttributes\":{\"id\":\"6\"},\"action\":\"wpgmza_save_map\",\"redirect_to\":\"\\\/wp-admin\\\/admin-post.php\",\"map_id\":\"6\",\"http_referer\":\"\\\/wp-admin\\\/admin.php?page=wp-google-maps-menu&amp;amp;action=edit&amp;amp;map_id=1\",\"wpgmza_id\":\"1\",\"wpgmza_start_location\":\"51.035800300000005,4.1307605000000125\",\"wpgmza_start_zoom\":\"8\",\"directions_origin_retina\":false,\"directions_destination_retina\":false,\"directions_fit_bounds_to_route\":false,\"wpgmza_store_locator_default_radius\":\"25\",\"store_locator_distance\":false,\"wpgmza_store_locator_position\":true,\"store_locator_category\":false,\"wpgmza_store_locator_use_their_location\":false,\"wpgmza_store_locator_bounce\":false,\"wpgmza_store_locator_hide_before_search\":false,\"store_locator_name_search\":false,\"wpgmza_map_align\":\"1\",\"override_users_location_zoom_levels\":\"\",\"wpgmza_zoom_on_marker_click\":false,\"wpgmza_zoom_on_marker_click_slider\":\"\",\"close_infowindow_on_map_click\":false,\"disable_lightbox_images\":false,\"use_Raw_Jpeg_Coordinates\":false,\"disable_polygon_info_windows\":false,\"only_load_markers_within_viewport\":false,\"wpgmza_listmarkers_by\":\"1\",\"wpgmza_marker_listing_position\":false,\"wpgmza_push_in_map\":false,\"wpgmza_push_in_map_placement\":\"1\",\"datatable_no_result_message\":\"\",\"remove_search_box_datables\":false,\"dataTable_pagination_style\":\"default\",\"datatable_search_string\":\"\",\"datatable_result_start\":\"\",\"datatable_result_of\":\"\",\"datatable_result_to\":\"\",\"datatable_result_total\":\"\",\"datatable_result_show\":\"\",\"datatable_result_entries\":\"\",\"wpgmza_savemap\":\"Save Map \\u00bb\",\"wpgmza_theme\":\"0\",\"store_locator_show_distance\":false,\"zoom_level_on_marker_listing_override\":false,\"zoom_level_on_marker_listing_click\":\"\"}}' data-map-id='6' data-shortcode-attributes='{\"id\":\"6\"}'> <\/div>\r\n            <div class=\"wpgmza-store-locator wpgmza_sl_main_div\" data-id=\"6\">\r\n\t<div class=\"wpgmza-address-container wpgmza-form-field wpgmza_sl_query_div\">\r\n\t\t<label class=\"wpgmza-address wpgmza-form-field__label wpgmza-form-field__label--float\" data-name=\"addressLabel\" for=\"addressInput_6\">Postcode\/adres:<\/label>\r\n\t\t<input class=\"wpgmza-address addressInput\" type=\"text\" placeholder=\"Entrez un emplacement\" autocomplete=\"off\" data-name=\"defaultAddress\" value=\"\" id=\"addressInput_6\" size=\"20\">\r\n\t<\/div>\r\n\t\r\n\t<div class=\"wpgmza-radius-container wpgmza-form-field wpgmza_sl_radius_div wpgmza-clearfix\">\r\n\t\t<label class=\"wpgmza-radius wpgmza-form-field__label wpgmza-form-field__label--float\" for=\"radiusSelect_6\">\r\n\t\t\tRayon\u00a0:\t\t<\/label>\r\n\t\t<select class=\"wpgmza-radius wpgmza-form-field__input wpgmza_sl_radius_select\" id=\"radiusSelect_6\"><option class=\"wpgmza-radius wpgmza_sl_select_option\" value=\"1\">1km<\/option><option class=\"wpgmza-radius wpgmza_sl_select_option\" value=\"5\">5km<\/option><option class=\"wpgmza-radius wpgmza_sl_select_option\" value=\"10\" selected>10km<\/option><option class=\"wpgmza-radius wpgmza_sl_select_option\" value=\"25\">25km<\/option><option class=\"wpgmza-radius wpgmza_sl_select_option\" value=\"50\">50km<\/option><option class=\"wpgmza-radius wpgmza_sl_select_option\" value=\"75\">75km<\/option><option class=\"wpgmza-radius wpgmza_sl_select_option\" value=\"100\">100km<\/option><option class=\"wpgmza-radius wpgmza_sl_select_option\" value=\"150\">150km<\/option><option class=\"wpgmza-radius wpgmza_sl_select_option\" value=\"200\">200km<\/option><option class=\"wpgmza-radius wpgmza_sl_select_option\" value=\"300\">300km<\/option><\/select>\r\n\t<\/div>\r\n\t\r\n\t<div class=\"wpgmza-search wpgmza_sl_search_button_div\"><input class=\"wpgmza-search wpgmza_sl_search_button_6\" value=\"Recherche\" type=\"button\" onclick=\"searchLocations(6)\" mid=\"6\"><\/div>\r\n\t\r\n\t<div class=\"wpgmza-reset wpgmza_sl_reset_button_div\">\r\n\t<input class=\"wpgmza-reset wpgmza_sl_reset_button_6\" type=\"button\" value=\"R\u00e9initialiser\" mid=\"6\" onclick=\"resetLocations(6)\">\r\n<\/div><div class=\"wpgmza-no-results wpgmza-not-found-msg js-not-found-msg\" style=\"display: none;\">\r\n\t\t<p data-name=\"notFoundMessage\">Geen resultaten gevonden voor deze zoekopdracht<\/p>\r\n\t<\/div>\r\n<\/div>\r\n            <div data-wpgmza-table data-wpgmza-php-class=\"WPGMZA\\MarkerListing\\BasicTable\" data-wpgmza-rest-api-route=\"\/marker-listing\/\" data-wpgmza-marker-listing=\"true\" class=\"wpgmza_marker_list_class\" style=\"width:100%;\" data-wpgmza-ajax-parameters='{\"map_id\":\"6\"}' id=\"wpgmza_marker_list_6\"><\/div>   \r\n        [\/vc_column_text][vc_separator color=&#8221;custom&#8221; accent_color=&#8221;rgba(255,255,255,0.01)&#8221; css=&#8221;.vc_custom_1613489526556{margin-bottom: 50px !important;}&#8221;][\/vc_column][\/vc_row]<\/p>\n<\/div>","protected":false},"excerpt":{"rendered":"<p>[vc_row full_width=&#8221;stretch_row&#8221; css=&#8221;.vc_custom_1661513914546{padding-top: 10% !important;padding-bottom: 10% !important;background-image: url(https:\/\/www.medina.be\/wp-content\/uploads\/2022\/08\/Medina-Patient-COVID-PCR-test-reizen-en-maak-uw-covid-afspraak.jpg?id=48782) !important;background-position: center !important;background-repeat: no-repeat !important;background-size: cover !important;}&#8221;][vc_column][\/vc_column][\/vc_row][vc_row][vc_column width=&#8221;1\/4&#8243; css=&#8221;.vc_custom_1613485674609{padding-top: 20px !important;}&#8221;][\/vc_column][vc_column width=&#8221;3\/4&#8243; css=&#8221;.vc_custom_1613485670954{padding-top: 20px !important;}&#8221;][vc_column_text css=&#8221;.vc_custom_1613487487375{margin-bottom: 20px !important;}&#8221;][show-breadcrumbs][\/vc_column_text][vc_row_inner<span class=\"excerpt-hellip\"> [\u2026]<\/span><\/p>\n","protected":false},"author":4,"featured_media":0,"parent":984,"menu_order":26,"comment_status":"closed","ping_status":"closed","template":"","meta":{"_acf_changed":false,"footnotes":""},"class_list":["post-16034","page","type-page","status-publish","hentry"],"acf":[],"yoast_head":"<!-- This site is optimized with the Yoast SEO plugin v26.7 - https:\/\/yoast.com\/wordpress\/plugins\/seo\/ -->\n<title>COVID-19 - Medina<\/title>\n<meta name=\"description\" content=\"RESERVATIE COVID-AFNAME. Beschikt u over een CTP-Code ? Selecteer dan een van onderstaande locaties en reserveer uw Covid-19 afname.\" \/>\n<meta name=\"robots\" content=\"index, follow, max-snippet:-1, max-image-preview:large, max-video-preview:-1\" \/>\n<link rel=\"canonical\" href=\"https:\/\/www.medina.be\/fr\/pcr-test\/reserver\/\" \/>\n<meta property=\"og:locale\" content=\"fr_FR\" \/>\n<meta property=\"og:type\" content=\"article\" \/>\n<meta property=\"og:title\" content=\"COVID-19 - Medina\" \/>\n<meta property=\"og:description\" content=\"RESERVATIE COVID-AFNAME. Beschikt u over een CTP-Code ? Selecteer dan een van onderstaande locaties en reserveer uw Covid-19 afname.\" \/>\n<meta property=\"og:url\" content=\"https:\/\/www.medina.be\/fr\/pcr-test\/reserver\/\" \/>\n<meta property=\"og:site_name\" content=\"Medina\" \/>\n<meta property=\"article:publisher\" content=\"https:\/\/www.facebook.com\/medinacma\/\" \/>\n<meta property=\"article:modified_time\" content=\"2022-08-26T11:38:37+00:00\" \/>\n<meta name=\"twitter:card\" content=\"summary_large_image\" \/>\n<script type=\"application\/ld+json\" class=\"yoast-schema-graph\">{\"@context\":\"https:\/\/schema.org\",\"@graph\":[{\"@type\":\"WebPage\",\"@id\":\"https:\/\/www.medina.be\/fr\/pcr-test\/reserver\/\",\"url\":\"https:\/\/www.medina.be\/fr\/pcr-test\/reserver\/\",\"name\":\"COVID-19 - Medina\",\"isPartOf\":{\"@id\":\"https:\/\/www.medina.be\/nl\/#website\"},\"datePublished\":\"2021-06-30T08:39:58+00:00\",\"dateModified\":\"2022-08-26T11:38:37+00:00\",\"description\":\"RESERVATIE COVID-AFNAME. Beschikt u over een CTP-Code ? Selecteer dan een van onderstaande locaties en reserveer uw Covid-19 afname.\",\"breadcrumb\":{\"@id\":\"https:\/\/www.medina.be\/fr\/pcr-test\/reserver\/#breadcrumb\"},\"inLanguage\":\"fr-FR\",\"potentialAction\":[{\"@type\":\"ReadAction\",\"target\":[\"https:\/\/www.medina.be\/fr\/pcr-test\/reserver\/\"]}]},{\"@type\":\"BreadcrumbList\",\"@id\":\"https:\/\/www.medina.be\/fr\/pcr-test\/reserver\/#breadcrumb\",\"itemListElement\":[{\"@type\":\"ListItem\",\"position\":1,\"name\":\"HOME\",\"item\":\"https:\/\/www.medina.be\/fr\/\"},{\"@type\":\"ListItem\",\"position\":2,\"name\":\"COVID-19\",\"item\":\"https:\/\/www.medina.be\/fr\/?page_id=984\"},{\"@type\":\"ListItem\",\"position\":3,\"name\":\"COVID-19\"}]},{\"@type\":\"WebSite\",\"@id\":\"https:\/\/www.medina.be\/nl\/#website\",\"url\":\"https:\/\/www.medina.be\/nl\/\",\"name\":\"Medina\",\"description\":\"Medische analysen\",\"publisher\":{\"@id\":\"https:\/\/www.medina.be\/nl\/#organization\"},\"potentialAction\":[{\"@type\":\"SearchAction\",\"target\":{\"@type\":\"EntryPoint\",\"urlTemplate\":\"https:\/\/www.medina.be\/nl\/?s={search_term_string}\"},\"query-input\":{\"@type\":\"PropertyValueSpecification\",\"valueRequired\":true,\"valueName\":\"search_term_string\"}}],\"inLanguage\":\"fr-FR\"},{\"@type\":\"Organization\",\"@id\":\"https:\/\/www.medina.be\/nl\/#organization\",\"name\":\"Medina\",\"url\":\"https:\/\/www.medina.be\/nl\/\",\"logo\":{\"@type\":\"ImageObject\",\"inLanguage\":\"fr-FR\",\"@id\":\"https:\/\/www.medina.be\/nl\/#\/schema\/logo\/image\/\",\"url\":\"https:\/\/www.medina.be\/wp-content\/uploads\/2023\/05\/Medina-medisch-labo-logo@2x.png\",\"contentUrl\":\"https:\/\/www.medina.be\/wp-content\/uploads\/2023\/05\/Medina-medisch-labo-logo@2x.png\",\"width\":500,\"height\":196,\"caption\":\"Medina\"},\"image\":{\"@id\":\"https:\/\/www.medina.be\/nl\/#\/schema\/logo\/image\/\"},\"sameAs\":[\"https:\/\/www.facebook.com\/medinacma\/\"]}]}<\/script>\n<!-- \/ Yoast SEO plugin. -->","yoast_head_json":{"title":"COVID-19 - Medina","description":"RESERVATIE COVID-AFNAME. Beschikt u over een CTP-Code ? Selecteer dan een van onderstaande locaties en reserveer uw Covid-19 afname.","robots":{"index":"index","follow":"follow","max-snippet":"max-snippet:-1","max-image-preview":"max-image-preview:large","max-video-preview":"max-video-preview:-1"},"canonical":"https:\/\/www.medina.be\/fr\/pcr-test\/reserver\/","og_locale":"fr_FR","og_type":"article","og_title":"COVID-19 - Medina","og_description":"RESERVATIE COVID-AFNAME. Beschikt u over een CTP-Code ? Selecteer dan een van onderstaande locaties en reserveer uw Covid-19 afname.","og_url":"https:\/\/www.medina.be\/fr\/pcr-test\/reserver\/","og_site_name":"Medina","article_publisher":"https:\/\/www.facebook.com\/medinacma\/","article_modified_time":"2022-08-26T11:38:37+00:00","twitter_card":"summary_large_image","schema":{"@context":"https:\/\/schema.org","@graph":[{"@type":"WebPage","@id":"https:\/\/www.medina.be\/fr\/pcr-test\/reserver\/","url":"https:\/\/www.medina.be\/fr\/pcr-test\/reserver\/","name":"COVID-19 - Medina","isPartOf":{"@id":"https:\/\/www.medina.be\/nl\/#website"},"datePublished":"2021-06-30T08:39:58+00:00","dateModified":"2022-08-26T11:38:37+00:00","description":"RESERVATIE COVID-AFNAME. Beschikt u over een CTP-Code ? Selecteer dan een van onderstaande locaties en reserveer uw Covid-19 afname.","breadcrumb":{"@id":"https:\/\/www.medina.be\/fr\/pcr-test\/reserver\/#breadcrumb"},"inLanguage":"fr-FR","potentialAction":[{"@type":"ReadAction","target":["https:\/\/www.medina.be\/fr\/pcr-test\/reserver\/"]}]},{"@type":"BreadcrumbList","@id":"https:\/\/www.medina.be\/fr\/pcr-test\/reserver\/#breadcrumb","itemListElement":[{"@type":"ListItem","position":1,"name":"HOME","item":"https:\/\/www.medina.be\/fr\/"},{"@type":"ListItem","position":2,"name":"COVID-19","item":"https:\/\/www.medina.be\/fr\/?page_id=984"},{"@type":"ListItem","position":3,"name":"COVID-19"}]},{"@type":"WebSite","@id":"https:\/\/www.medina.be\/nl\/#website","url":"https:\/\/www.medina.be\/nl\/","name":"Medina","description":"Medische analysen","publisher":{"@id":"https:\/\/www.medina.be\/nl\/#organization"},"potentialAction":[{"@type":"SearchAction","target":{"@type":"EntryPoint","urlTemplate":"https:\/\/www.medina.be\/nl\/?s={search_term_string}"},"query-input":{"@type":"PropertyValueSpecification","valueRequired":true,"valueName":"search_term_string"}}],"inLanguage":"fr-FR"},{"@type":"Organization","@id":"https:\/\/www.medina.be\/nl\/#organization","name":"Medina","url":"https:\/\/www.medina.be\/nl\/","logo":{"@type":"ImageObject","inLanguage":"fr-FR","@id":"https:\/\/www.medina.be\/nl\/#\/schema\/logo\/image\/","url":"https:\/\/www.medina.be\/wp-content\/uploads\/2023\/05\/Medina-medisch-labo-logo@2x.png","contentUrl":"https:\/\/www.medina.be\/wp-content\/uploads\/2023\/05\/Medina-medisch-labo-logo@2x.png","width":500,"height":196,"caption":"Medina"},"image":{"@id":"https:\/\/www.medina.be\/nl\/#\/schema\/logo\/image\/"},"sameAs":["https:\/\/www.facebook.com\/medinacma\/"]}]}},"_links":{"self":[{"href":"https:\/\/www.medina.be\/fr\/wp-json\/wp\/v2\/pages\/16034","targetHints":{"allow":["GET"]}}],"collection":[{"href":"https:\/\/www.medina.be\/fr\/wp-json\/wp\/v2\/pages"}],"about":[{"href":"https:\/\/www.medina.be\/fr\/wp-json\/wp\/v2\/types\/page"}],"author":[{"embeddable":true,"href":"https:\/\/www.medina.be\/fr\/wp-json\/wp\/v2\/users\/4"}],"replies":[{"embeddable":true,"href":"https:\/\/www.medina.be\/fr\/wp-json\/wp\/v2\/comments?post=16034"}],"version-history":[{"count":0,"href":"https:\/\/www.medina.be\/fr\/wp-json\/wp\/v2\/pages\/16034\/revisions"}],"up":[{"embeddable":true,"href":"https:\/\/www.medina.be\/fr\/wp-json\/wp\/v2\/pages\/984"}],"wp:attachment":[{"href":"https:\/\/www.medina.be\/fr\/wp-json\/wp\/v2\/media?parent=16034"}],"curies":[{"name":"wp","href":"https:\/\/api.w.org\/{rel}","templated":true}]}}